{"id":1143,"date":"2025-08-03T06:12:24","date_gmt":"2025-08-03T06:12:24","guid":{"rendered":"https:\/\/nexurescripts.com\/?post_type=product&#038;p=1143"},"modified":"2025-08-06T11:55:07","modified_gmt":"2025-08-06T11:55:07","slug":"site-provedor-de-internet","status":"publish","type":"product","link":"https:\/\/nexurescripts.com\/en\/product\/site-provedor-de-internet\/","title":{"rendered":"Site Profissional para Provedor de Internet \u2014 Pronto para uso!"},"content":{"rendered":"<p data-start=\"232\" data-end=\"467\">Venda exclusiva de <strong data-start=\"251\" data-end=\"296\">site completo para provedores de internet<\/strong>, desenvolvido com foco em performance, usabilidade e gest\u00e3o simples. Ideal para quem deseja iniciar ou modernizar o neg\u00f3cio com uma presen\u00e7a online s\u00f3lida e profissional.<\/p>\n<h4 data-start=\"469\" data-end=\"496\">\u2705 O que est\u00e1 inclu\u00eddo:<\/h4>\n<p data-start=\"498\" data-end=\"548\">\ud83d\udcbb <strong data-start=\"501\" data-end=\"531\">Site institucional moderno<\/strong>, com as p\u00e1ginas:<\/p>\n<ul data-start=\"549\" data-end=\"876\">\n<li data-start=\"549\" data-end=\"610\">\n<p data-start=\"551\" data-end=\"610\"><strong data-start=\"551\" data-end=\"562\">In\u00edcio:<\/strong> destaque dos servi\u00e7os e chamadas estrat\u00e9gicas<\/p>\n<\/li>\n<li data-start=\"611\" data-end=\"680\">\n<p data-start=\"613\" data-end=\"680\"><strong data-start=\"613\" data-end=\"627\">Sobre N\u00f3s:<\/strong> espa\u00e7o para contar a hist\u00f3ria e miss\u00e3o do provedor<\/p>\n<\/li>\n<li data-start=\"681\" data-end=\"745\">\n<p data-start=\"683\" data-end=\"745\"><strong data-start=\"683\" data-end=\"694\">Planos:<\/strong> exibi\u00e7\u00e3o clara e edit\u00e1vel dos planos de internet<\/p>\n<\/li>\n<li data-start=\"746\" data-end=\"805\">\n<p data-start=\"748\" data-end=\"805\"><strong data-start=\"748\" data-end=\"757\">Blog:<\/strong> se\u00e7\u00e3o de conte\u00fado com painel de gerenciamento<\/p>\n<\/li>\n<li data-start=\"806\" data-end=\"876\">\n<p data-start=\"808\" data-end=\"876\"><strong data-start=\"808\" data-end=\"820\">Contato:<\/strong> formul\u00e1rio funcional com destaque visual e integra\u00e7\u00e3o<\/p>\n<\/li>\n<\/ul>\n<p data-start=\"878\" data-end=\"935\">\ud83d\udee0\ufe0f <strong data-start=\"882\" data-end=\"916\">Painel Administrativo Completo<\/strong> (PHP 8.2 + MySQL):<\/p>\n<ul data-start=\"936\" data-end=\"1315\">\n<li data-start=\"936\" data-end=\"994\">\n<p data-start=\"938\" data-end=\"994\"><strong data-start=\"938\" data-end=\"952\">Dashboard:<\/strong> com visual clean e m\u00e9tricas de controle<\/p>\n<\/li>\n<li data-start=\"995\" data-end=\"1068\">\n<p data-start=\"997\" data-end=\"1068\"><strong data-start=\"997\" data-end=\"1018\">Gest\u00e3o de Planos:<\/strong> crie, edite e organize seus servi\u00e7os facilmente<\/p>\n<\/li>\n<li data-start=\"1069\" data-end=\"1126\">\n<p data-start=\"1071\" data-end=\"1126\"><strong data-start=\"1071\" data-end=\"1080\">Blog:<\/strong> publique conte\u00fados, not\u00edcias ou comunicados<\/p>\n<\/li>\n<li data-start=\"1127\" data-end=\"1198\">\n<p data-start=\"1129\" data-end=\"1198\"><strong data-start=\"1129\" data-end=\"1142\">Contatos:<\/strong> visualize mensagens recebidas e organize atendimentos<\/p>\n<\/li>\n<li data-start=\"1199\" data-end=\"1253\">\n<p data-start=\"1201\" data-end=\"1253\"><strong data-start=\"1201\" data-end=\"1215\">Analytics:<\/strong> vis\u00e3o geral de visitas e intera\u00e7\u00f5es<\/p>\n<\/li>\n<li data-start=\"1254\" data-end=\"1315\">\n<p data-start=\"1256\" data-end=\"1315\"><strong data-start=\"1256\" data-end=\"1274\">Configura\u00e7\u00f5es:<\/strong> edite logo, cores, links, e muito mais<\/p>\n<\/li>\n<\/ul>\n<p data-start=\"1317\" data-end=\"1410\">\ud83d\udcf1 <strong data-start=\"1320\" data-end=\"1346\">Layout 100% responsivo<\/strong>, adaptado para dispositivos m\u00f3veis e otimizado para velocidade.<\/p>\n<p data-start=\"1412\" data-end=\"1530\">\ud83d\udd10 <strong data-start=\"1415\" data-end=\"1461\">C\u00f3digo limpo, seguro e de f\u00e1cil manuten\u00e7\u00e3o<\/strong>. Ideal tanto para uso pr\u00f3prio quanto para entrega a clientes finais.<\/p>\n<p data-start=\"1532\" data-end=\"1624\">\ud83e\uddf0 <strong data-start=\"1535\" data-end=\"1569\">Inclui 3 meses de atualiza\u00e7\u00f5es<\/strong> e suporte b\u00e1sico para ajustes ou melhorias no sistema.<\/p>\n<hr data-start=\"1626\" data-end=\"1629\" \/>\n<h3 data-start=\"1631\" data-end=\"1649\">\ud83c\udfaf Ideal para:<\/h3>\n<ul data-start=\"1650\" data-end=\"1844\">\n<li data-start=\"1650\" data-end=\"1686\">\n<p data-start=\"1652\" data-end=\"1686\">Provedores regionais de internet<\/p>\n<\/li>\n<li data-start=\"1687\" data-end=\"1729\">\n<p data-start=\"1689\" data-end=\"1729\">Profissionais que vendem sites prontos<\/p>\n<\/li>\n<li data-start=\"1730\" data-end=\"1789\">\n<p data-start=\"1732\" data-end=\"1789\">Ag\u00eancias que querem oferecer um modelo funcional de ISP<\/p>\n<\/li>\n<li data-start=\"1790\" data-end=\"1844\">\n<p data-start=\"1792\" data-end=\"1844\">Revenda de estrutura para franqueados ou afiliados<\/p>\n<\/li>\n<\/ul>\n<hr data-start=\"1846\" data-end=\"1849\" \/>\n<p data-start=\"1851\" data-end=\"1944\">\ud83d\udce6 <strong data-start=\"1854\" data-end=\"1899\">Entrega imediata com instru\u00e7\u00f5es completas<\/strong><br data-start=\"1899\" data-end=\"1902\" \/>\ud83d\udd27 <strong data-start=\"1905\" data-end=\"1944\">Suporte t\u00e9cnico incluso por 3 meses<\/strong><\/p>","protected":false},"excerpt":{"rendered":"<p>\ud83c\udf10<strong data-start=\"159\" data-end=\"240\"> Site pronto para provedor de internet com painel completo em PHP 8.2 + MySQL.<\/strong><br data-start=\"240\" data-end=\"243\" \/>Layout moderno, responsivo e f\u00e1cil de gerenciar, com p\u00e1ginas institucionais (In\u00edcio, Planos, Blog, Contato), painel administrativo intuitivo e blog integrado.<br data-start=\"401\" data-end=\"404\" \/>Ideal para quem deseja profissionalizar ou revender solu\u00e7\u00f5es para ISPs.<br data-start=\"475\" data-end=\"478\" data-is-only-node=\"\" \/>\u2705 Entrega imediata + 3 meses de suporte e atualiza\u00e7\u00f5es inclu\u00eddos.<\/p>","protected":false},"featured_media":1149,"comment_status":"open","ping_status":"closed","template":"","meta":{"site-sidebar-layout":"default","site-content-layout":"","ast-site-content-layout":"default","site-content-style":"default","site-sidebar-style":"default","ast-global-header-display":"","ast-banner-title-visibility":"","ast-main-header-display":"","ast-hfb-above-header-display":"","ast-hfb-below-header-display":"","ast-hfb-mobile-header-display":"","site-post-title":"","ast-breadcrumbs-content":"","ast-featured-img":"","footer-sml-layout":"","theme-transparent-header-meta":"default","adv-header-id-meta":"","stick-header-meta":"","header-above-stick-meta":"","header-main-stick-meta":"","header-below-stick-meta":"","astra-migrate-meta-layouts":"set","ast-page-background-enabled":"default","ast-page-background-meta":{"desktop":{"background-color":"","background-image":"","background-repeat":"repeat","background-position":"center center","background-size":"auto","background-attachment":"scroll","background-type":"","background-media":"","overlay-type":"","overlay-color":"","overlay-opacity":"","overlay-gradient":""},"tablet":{"background-color":"","background-image":"","background-repeat":"repeat","background-position":"center center","background-size":"auto","background-attachment":"scroll","background-type":"","background-media":"","overlay-type":"","overlay-color":"","overlay-opacity":"","overlay-gradient":""},"mobile":{"background-color":"","background-image":"","background-repeat":"repeat","background-position":"center center","background-size":"auto","background-attachment":"scroll","background-type":"","background-media":"","overlay-type":"","overlay-color":"","overlay-opacity":"","overlay-gradient":""}},"ast-content-background-meta":{"desktop":{"background-color":"var(--ast-global-color-5)","background-image":"","background-repeat":"repeat","background-position":"center center","background-size":"auto","background-attachment":"scroll","background-type":"","background-media":"","overlay-type":"","overlay-color":"","overlay-opacity":"","overlay-gradient":""},"tablet":{"background-color":"var(--ast-global-color-5)","background-image":"","background-repeat":"repeat","background-position":"center center","background-size":"auto","background-attachment":"scroll","background-type":"","background-media":"","overlay-type":"","overlay-color":"","overlay-opacity":"","overlay-gradient":""},"mobile":{"background-color":"var(--ast-global-color-5)","background-image":"","background-repeat":"repeat","background-position":"center center","background-size":"auto","background-attachment":"scroll","background-type":"","background-media":"","overlay-type":"","overlay-color":"","overlay-opacity":"","overlay-gradient":""}}},"product_brand":[],"product_cat":[30],"product_tag":[],"class_list":{"0":"post-1143","1":"product","2":"type-product","3":"status-publish","4":"has-post-thumbnail","6":"product_cat-provedores","7":"desktop-align-left","8":"tablet-align-left","9":"mobile-align-left","11":"first","12":"instock","13":"sale","14":"downloadable","15":"virtual","16":"purchasable","17":"product-type-simple"},"yoast_head":"<!-- This site is optimized with the Yoast SEO Premium plugin v25.6 (Yoast SEO v25.6) - https:\/\/yoast.com\/wordpress\/plugins\/seo\/ -->\n<title>Site Profissional para Provedor de Internet \u2014 Pronto para uso! - Nexure Scripts<\/title>\n<meta name=\"description\" content=\"Site pronto para provedor de internet com layout responsivo, painel em PHP 8.2 e suporte com 3 meses de atualiza\u00e7\u00f5es. Profissionalize sua presen\u00e7a online com o melhor em tecnologia. | Site Profissional para Provedor de Internet \u2014 Pronto para uso! - Nexure Scripts\" \/>\n<meta name=\"robots\" content=\"index, follow, max-snippet:-1, max-image-preview:large, max-video-preview:-1\" \/>\n<link rel=\"canonical\" href=\"https:\/\/nexurescripts.com\/en\/product\/site-provedor-de-internet\/\" \/>\n<meta property=\"og:locale\" content=\"en_US\" \/>\n<meta property=\"og:type\" content=\"article\" \/>\n<meta property=\"og:title\" content=\"Site Profissional para Provedor de Internet \u2014 Pronto para uso!\" \/>\n<meta property=\"og:description\" content=\"Site pronto para provedor de internet com layout responsivo, painel em PHP 8.2 e suporte com 3 meses de atualiza\u00e7\u00f5es. Profissionalize sua presen\u00e7a online com o melhor em tecnologia. | Site Profissional para Provedor de Internet \u2014 Pronto para uso! - Nexure Scripts\" \/>\n<meta property=\"og:url\" content=\"https:\/\/nexurescripts.com\/en\/product\/site-provedor-de-internet\/\" \/>\n<meta property=\"og:site_name\" content=\"Nexure Scripts\" \/>\n<meta property=\"article:modified_time\" content=\"2025-08-06T11:55:07+00:00\" \/>\n<meta property=\"og:image\" content=\"http:\/\/nexurescripts.com\/wp-content\/uploads\/2025\/08\/Screenshot-2025-08-03-032159-1.png\" \/>\n\t<meta property=\"og:image:width\" content=\"1907\" \/>\n\t<meta property=\"og:image:height\" content=\"952\" \/>\n\t<meta property=\"og:image:type\" content=\"image\/png\" \/>\n<meta name=\"twitter:card\" content=\"summary_large_image\" \/>\n<meta name=\"twitter:label1\" content=\"Est. reading time\" \/>\n\t<meta name=\"twitter:data1\" content=\"2 minutes\" \/>\n<script type=\"application\/ld+json\" class=\"yoast-schema-graph\">{\"@context\":\"https:\/\/schema.org\",\"@graph\":[{\"@type\":\"WebPage\",\"@id\":\"https:\/\/nexurescripts.com\/produto\/site-provedor-de-internet\/\",\"url\":\"https:\/\/nexurescripts.com\/produto\/site-provedor-de-internet\/\",\"name\":\"Site Profissional para Provedor de Internet \u2014 Pronto para uso! - Nexure Scripts\",\"isPartOf\":{\"@id\":\"https:\/\/nexurescripts.com\/#website\"},\"primaryImageOfPage\":{\"@id\":\"https:\/\/nexurescripts.com\/produto\/site-provedor-de-internet\/#primaryimage\"},\"image\":{\"@id\":\"https:\/\/nexurescripts.com\/produto\/site-provedor-de-internet\/#primaryimage\"},\"thumbnailUrl\":\"https:\/\/nexurescripts.com\/wp-content\/uploads\/2025\/08\/Screenshot-2025-08-03-032159-1.png\",\"datePublished\":\"2025-08-03T06:12:24+00:00\",\"dateModified\":\"2025-08-06T11:55:07+00:00\",\"description\":\"Site pronto para provedor de internet com layout responsivo, painel em PHP 8.2 e suporte com 3 meses de atualiza\u00e7\u00f5es. Profissionalize sua presen\u00e7a online com o melhor em tecnologia. | Site Profissional para Provedor de Internet \u2014 Pronto para uso! - Nexure Scripts\",\"breadcrumb\":{\"@id\":\"https:\/\/nexurescripts.com\/produto\/site-provedor-de-internet\/#breadcrumb\"},\"inLanguage\":\"en-US\",\"potentialAction\":[{\"@type\":\"ReadAction\",\"target\":[\"https:\/\/nexurescripts.com\/produto\/site-provedor-de-internet\/\"]}]},{\"@type\":\"ImageObject\",\"inLanguage\":\"en-US\",\"@id\":\"https:\/\/nexurescripts.com\/produto\/site-provedor-de-internet\/#primaryimage\",\"url\":\"https:\/\/nexurescripts.com\/wp-content\/uploads\/2025\/08\/Screenshot-2025-08-03-032159-1.png\",\"contentUrl\":\"https:\/\/nexurescripts.com\/wp-content\/uploads\/2025\/08\/Screenshot-2025-08-03-032159-1.png\",\"width\":1907,\"height\":952,\"caption\":\"site provedor de internet\"},{\"@type\":\"BreadcrumbList\",\"@id\":\"https:\/\/nexurescripts.com\/produto\/site-provedor-de-internet\/#breadcrumb\",\"itemListElement\":[{\"@type\":\"ListItem\",\"position\":1,\"name\":\"Inicio\",\"item\":\"https:\/\/nexurescripts.com\/\"},{\"@type\":\"ListItem\",\"position\":2,\"name\":\"Produtos\",\"item\":\"https:\/\/nexurescripts.com\/produtos\/\"},{\"@type\":\"ListItem\",\"position\":3,\"name\":\"Site Profissional para Provedor de Internet \u2014 Pronto para uso!\"}]},{\"@type\":\"WebSite\",\"@id\":\"https:\/\/nexurescripts.com\/#website\",\"url\":\"https:\/\/nexurescripts.com\/\",\"name\":\"Nexure Scripts\",\"description\":\"A Nexure Scripts \u00e9 sua fonte completa para scripts otimizados, sistemas web e sites prontos para vender. Qualidade, performance e entrega imediata.\",\"publisher\":{\"@id\":\"https:\/\/nexurescripts.com\/#organization\"},\"potentialAction\":[{\"@type\":\"SearchAction\",\"target\":{\"@type\":\"EntryPoint\",\"urlTemplate\":\"https:\/\/nexurescripts.com\/?s={search_term_string}\"},\"query-input\":{\"@type\":\"PropertyValueSpecification\",\"valueRequired\":true,\"valueName\":\"search_term_string\"}}],\"inLanguage\":\"en-US\"},{\"@type\":\"Organization\",\"@id\":\"https:\/\/nexurescripts.com\/#organization\",\"name\":\"Nexure Scripts\",\"url\":\"https:\/\/nexurescripts.com\/\",\"logo\":{\"@type\":\"ImageObject\",\"inLanguage\":\"en-US\",\"@id\":\"https:\/\/nexurescripts.com\/#\/schema\/logo\/image\/\",\"url\":\"https:\/\/nexurescripts.com\/wp-content\/uploads\/2025\/08\/nexure_4-e1754108269370.png\",\"contentUrl\":\"https:\/\/nexurescripts.com\/wp-content\/uploads\/2025\/08\/nexure_4-e1754108269370.png\",\"width\":742,\"height\":133,\"caption\":\"Nexure Scripts\"},\"image\":{\"@id\":\"https:\/\/nexurescripts.com\/#\/schema\/logo\/image\/\"},\"email\":\"contato@nexurescripts.com\",\"legalName\":\"Nexure Scripts\",\"foundingDate\":\"2025-07-25\",\"vatID\":\"52.156.661\/0001-04\",\"numberOfEmployees\":{\"@type\":\"QuantitativeValue\",\"minValue\":\"1\",\"maxValue\":\"10\"}}]}<\/script>\n<!-- \/ Yoast SEO Premium plugin. -->","yoast_head_json":{"title":"Site Profissional para Provedor de Internet \u2014 Pronto para uso! - Nexure Scripts","description":"Site pronto para provedor de internet com layout responsivo, painel em PHP 8.2 e suporte com 3 meses de atualiza\u00e7\u00f5es. Profissionalize sua presen\u00e7a online com o melhor em tecnologia. | Site Profissional para Provedor de Internet \u2014 Pronto para uso! - Nexure Scripts","robots":{"index":"index","follow":"follow","max-snippet":"max-snippet:-1","max-image-preview":"max-image-preview:large","max-video-preview":"max-video-preview:-1"},"canonical":"https:\/\/nexurescripts.com\/en\/product\/site-provedor-de-internet\/","og_locale":"en_US","og_type":"article","og_title":"Site Profissional para Provedor de Internet \u2014 Pronto para uso!","og_description":"Site pronto para provedor de internet com layout responsivo, painel em PHP 8.2 e suporte com 3 meses de atualiza\u00e7\u00f5es. Profissionalize sua presen\u00e7a online com o melhor em tecnologia. | Site Profissional para Provedor de Internet \u2014 Pronto para uso! - Nexure Scripts","og_url":"https:\/\/nexurescripts.com\/en\/product\/site-provedor-de-internet\/","og_site_name":"Nexure Scripts","article_modified_time":"2025-08-06T11:55:07+00:00","og_image":[{"width":1907,"height":952,"url":"http:\/\/nexurescripts.com\/wp-content\/uploads\/2025\/08\/Screenshot-2025-08-03-032159-1.png","type":"image\/png"}],"twitter_card":"summary_large_image","twitter_misc":{"Est. reading time":"2 minutes"},"schema":{"@context":"https:\/\/schema.org","@graph":[{"@type":"WebPage","@id":"https:\/\/nexurescripts.com\/produto\/site-provedor-de-internet\/","url":"https:\/\/nexurescripts.com\/produto\/site-provedor-de-internet\/","name":"Site Profissional para Provedor de Internet \u2014 Pronto para uso! - Nexure Scripts","isPartOf":{"@id":"https:\/\/nexurescripts.com\/#website"},"primaryImageOfPage":{"@id":"https:\/\/nexurescripts.com\/produto\/site-provedor-de-internet\/#primaryimage"},"image":{"@id":"https:\/\/nexurescripts.com\/produto\/site-provedor-de-internet\/#primaryimage"},"thumbnailUrl":"https:\/\/nexurescripts.com\/wp-content\/uploads\/2025\/08\/Screenshot-2025-08-03-032159-1.png","datePublished":"2025-08-03T06:12:24+00:00","dateModified":"2025-08-06T11:55:07+00:00","description":"Site pronto para provedor de internet com layout responsivo, painel em PHP 8.2 e suporte com 3 meses de atualiza\u00e7\u00f5es. Profissionalize sua presen\u00e7a online com o melhor em tecnologia. | Site Profissional para Provedor de Internet \u2014 Pronto para uso! - Nexure Scripts","breadcrumb":{"@id":"https:\/\/nexurescripts.com\/produto\/site-provedor-de-internet\/#breadcrumb"},"inLanguage":"en-US","potentialAction":[{"@type":"ReadAction","target":["https:\/\/nexurescripts.com\/produto\/site-provedor-de-internet\/"]}]},{"@type":"ImageObject","inLanguage":"en-US","@id":"https:\/\/nexurescripts.com\/produto\/site-provedor-de-internet\/#primaryimage","url":"https:\/\/nexurescripts.com\/wp-content\/uploads\/2025\/08\/Screenshot-2025-08-03-032159-1.png","contentUrl":"https:\/\/nexurescripts.com\/wp-content\/uploads\/2025\/08\/Screenshot-2025-08-03-032159-1.png","width":1907,"height":952,"caption":"site provedor de internet"},{"@type":"BreadcrumbList","@id":"https:\/\/nexurescripts.com\/produto\/site-provedor-de-internet\/#breadcrumb","itemListElement":[{"@type":"ListItem","position":1,"name":"Inicio","item":"https:\/\/nexurescripts.com\/"},{"@type":"ListItem","position":2,"name":"Produtos","item":"https:\/\/nexurescripts.com\/produtos\/"},{"@type":"ListItem","position":3,"name":"Site Profissional para Provedor de Internet \u2014 Pronto para uso!"}]},{"@type":"WebSite","@id":"https:\/\/nexurescripts.com\/#website","url":"https:\/\/nexurescripts.com\/","name":"Nexure Scripts","description":"A Nexure Scripts \u00e9 sua fonte completa para scripts otimizados, sistemas web e sites prontos para vender. Qualidade, performance e entrega imediata.","publisher":{"@id":"https:\/\/nexurescripts.com\/#organization"},"potentialAction":[{"@type":"SearchAction","target":{"@type":"EntryPoint","urlTemplate":"https:\/\/nexurescripts.com\/?s={search_term_string}"},"query-input":{"@type":"PropertyValueSpecification","valueRequired":true,"valueName":"search_term_string"}}],"inLanguage":"en-US"},{"@type":"Organization","@id":"https:\/\/nexurescripts.com\/#organization","name":"Nexure Scripts","url":"https:\/\/nexurescripts.com\/","logo":{"@type":"ImageObject","inLanguage":"en-US","@id":"https:\/\/nexurescripts.com\/#\/schema\/logo\/image\/","url":"https:\/\/nexurescripts.com\/wp-content\/uploads\/2025\/08\/nexure_4-e1754108269370.png","contentUrl":"https:\/\/nexurescripts.com\/wp-content\/uploads\/2025\/08\/nexure_4-e1754108269370.png","width":742,"height":133,"caption":"Nexure Scripts"},"image":{"@id":"https:\/\/nexurescripts.com\/#\/schema\/logo\/image\/"},"email":"contato@nexurescripts.com","legalName":"Nexure Scripts","foundingDate":"2025-07-25","vatID":"52.156.661\/0001-04","numberOfEmployees":{"@type":"QuantitativeValue","minValue":"1","maxValue":"10"}}]}},"_links":{"self":[{"href":"https:\/\/nexurescripts.com\/en\/wp-json\/wp\/v2\/product\/1143","targetHints":{"allow":["GET"]}}],"collection":[{"href":"https:\/\/nexurescripts.com\/en\/wp-json\/wp\/v2\/product"}],"about":[{"href":"https:\/\/nexurescripts.com\/en\/wp-json\/wp\/v2\/types\/product"}],"replies":[{"embeddable":true,"href":"https:\/\/nexurescripts.com\/en\/wp-json\/wp\/v2\/comments?post=1143"}],"wp:featuredmedia":[{"embeddable":true,"href":"https:\/\/nexurescripts.com\/en\/wp-json\/wp\/v2\/media\/1149"}],"wp:attachment":[{"href":"https:\/\/nexurescripts.com\/en\/wp-json\/wp\/v2\/media?parent=1143"}],"wp:term":[{"taxonomy":"product_brand","embeddable":true,"href":"https:\/\/nexurescripts.com\/en\/wp-json\/wp\/v2\/product_brand?post=1143"},{"taxonomy":"product_cat","embeddable":true,"href":"https:\/\/nexurescripts.com\/en\/wp-json\/wp\/v2\/product_cat?post=1143"},{"taxonomy":"product_tag","embeddable":true,"href":"https:\/\/nexurescripts.com\/en\/wp-json\/wp\/v2\/product_tag?post=1143"}],"curies":[{"name":"wp","href":"https:\/\/api.w.org\/{rel}","templated":true}]}}